

{"id":1200,"date":"2022-09-14T12:52:35","date_gmt":"2022-09-14T12:52:35","guid":{"rendered":"http:\/\/www.jama.ooo\/?page_id=1200"},"modified":"2022-09-27T10:29:51","modified_gmt":"2022-09-27T10:29:51","slug":"dielne76","status":"publish","type":"page","link":"https:\/\/www.jama.ooo\/en\/dielne76\/","title":{"rendered":"Prihlasovanie na Dielne 76, \u0161tudentsk\u00fd program na JAMA \u2013 76. ro\u010dn\u00edk Milana Adam\u010diaka"},"content":{"rendered":"<p class=\"qtranxs-available-languages-message qtranxs-available-languages-message-en\">Sorry, this entry is only available in <a href=\"https:\/\/www.jama.ooo\/sk\/wp-json\/wp\/v2\/pages\/1200\" class=\"qtranxs-available-language-link qtranxs-available-language-link-sk\" title=\"SK\">SK<\/a>.<\/p>","protected":false},"excerpt":{"rendered":"<p>Sorry, this entry is only available in SK. [&#8230;]<\/p>\n<p><a class=\"btn btn-secondary understrap-read-more-link\" href=\"https:\/\/www.jama.ooo\/en\/dielne76\/\">Read More&#8230;<span class=\"screen-reader-text\"> from Prihlasovanie na Dielne 76, \u0161tudentsk\u00fd program na JAMA \u2013 76. ro\u010dn\u00edk Milana Adam\u010diaka<\/span><\/a><\/p>\n","protected":false},"author":2,"featured_media":0,"parent":0,"menu_order":0,"comment_status":"closed","ping_status":"closed","template":"","meta":{"footnotes":""},"class_list":["post-1200","page","type-page","status-publish","hentry"],"_links":{"self":[{"href":"https:\/\/www.jama.ooo\/en\/wp-json\/wp\/v2\/pages\/1200","targetHints":{"allow":["GET"]}}],"collection":[{"href":"https:\/\/www.jama.ooo\/en\/wp-json\/wp\/v2\/pages"}],"about":[{"href":"https:\/\/www.jama.ooo\/en\/wp-json\/wp\/v2\/types\/page"}],"author":[{"embeddable":true,"href":"https:\/\/www.jama.ooo\/en\/wp-json\/wp\/v2\/users\/2"}],"replies":[{"embeddable":true,"href":"https:\/\/www.jama.ooo\/en\/wp-json\/wp\/v2\/comments?post=1200"}],"version-history":[{"count":0,"href":"https:\/\/www.jama.ooo\/en\/wp-json\/wp\/v2\/pages\/1200\/revisions"}],"wp:attachment":[{"href":"https:\/\/www.jama.ooo\/en\/wp-json\/wp\/v2\/media?parent=1200"}],"curies":[{"name":"wp","href":"https:\/\/api.w.org\/{rel}","templated":true}]}}