

{"id":1261,"date":"2022-10-02T13:16:33","date_gmt":"2022-10-02T13:16:33","guid":{"rendered":"https:\/\/www.jama.ooo\/?page_id=1261"},"modified":"2022-10-03T11:22:33","modified_gmt":"2022-10-03T11:22:33","slug":"podhorie-2022","status":"publish","type":"page","link":"https:\/\/www.jama.ooo\/en\/podhorie-2022\/","title":{"rendered":"Das Leben eines Menschen \u2013 pr\u00edbeh Milana Adam\u010diaka"},"content":{"rendered":"<span style=\"font-weight: 400;\">sprievodn\u00fd podujatie JAMA \u2013 76. ro\u010dn\u00edk Milana Adam\u010diaka<\/span><\/p>\n<p><img loading=\"lazy\" decoding=\"async\" class=\"alignnone size-medium wp-image-1268\" src=\"http:\/\/www.jama.ooo\/wp-content\/uploads\/2022\/10\/Milan-Adamciak_foto_Boris-Vaitovic-300x200.jpg\" alt=\"\" width=\"300\" height=\"200\" srcset=\"https:\/\/www.jama.ooo\/wp-content\/uploads\/2022\/10\/Milan-Adamciak_foto_Boris-Vaitovic-300x200.jpg 300w, https:\/\/www.jama.ooo\/wp-content\/uploads\/2022\/10\/Milan-Adamciak_foto_Boris-Vaitovic-1024x683.jpg 1024w, https:\/\/www.jama.ooo\/wp-content\/uploads\/2022\/10\/Milan-Adamciak_foto_Boris-Vaitovic-768x512.jpg 768w, https:\/\/www.jama.ooo\/wp-content\/uploads\/2022\/10\/Milan-Adamciak_foto_Boris-Vaitovic-1536x1025.jpg 1536w, https:\/\/www.jama.ooo\/wp-content\/uploads\/2022\/10\/Milan-Adamciak_foto_Boris-Vaitovic.jpg 2048w\" sizes=\"auto, (max-width: 300px) 100vw, 300px\" \/><\/p>\n<p><b>Program:<\/b><\/p>\n<ul>\n<li style=\"font-weight: 400;\" aria-level=\"1\"><b>Premietanie kr\u00e1tkeho filmu Muzikol\u00f3g a tvorca<\/b><span style=\"font-weight: 400;\"> o M. Adam\u010diakovi nat\u00e1\u010dan\u00e9ho na Podhor\u00ed (r\u00e9\u017eia: Arnold Kojnok)<\/span><\/li>\n<li style=\"font-weight: 400;\" aria-level=\"1\"><b>Neform\u00e1lna predn\u00e1\u0161ka s diskusiou o \u017eivote a tvorbe M. Adam\u010diaka<\/b><span style=\"font-weight: 400;\"> s hudobn\u00edkom a organiz\u00e1torom podujatia JAMA Ferom Kir\u00e1lyom<\/span><\/li>\n<\/ul>\n<p>&nbsp;<\/p>\n<p><b>Miesto a term\u00edn:<\/b><\/p>\n<p><span style=\"font-weight: 400;\">sobota, 8. okt\u00f3ber 2022, 17:00 \u2013 18:30<\/span><br \/>\n<span style=\"font-weight: 400;\">Kult\u00farne stredisko Podhorie<\/span><\/p>\n<p><b>Vstup vo\u013en\u00fd<\/b><br \/>\n<span style=\"font-weight: 400;\">Existuje ve\u013ea druhov umenia. S\u00fa tak\u00e9, ktor\u00e9 vznikli d\u00e1vno a dnes sa udr\u017euje ich trad\u00edcia, lebo sa zakorenili v splo\u010dnosti. No s\u00fa aj tak\u00e9, ktor\u00e9 sa vymykaj\u00fa tomu, na \u010do sme zvyknut\u00ed \u2013 a tak\u00e1 bola pr\u00e1ve tvorba Milana Adam\u010diaka. Bez experimentu by sme ani chlieb neupiekli a Adam\u010diak bol \u010dlovek, ktor\u00fd sa experimentova\u0165 rozhodne neb\u00e1l.<\/span><\/p>\n<p><span style=\"font-weight: 400;\">Michal Mur\u00edn, ktor\u00e9 si mo\u017eno niektor\u00ed pam\u00e4t\u00e1te z \u010dias, kedy chodieval za Milanom na Podhorie, raz v\u00fdsti\u017ene op\u00edsal Adam\u010diakovu tvorbu: \u201eTvorba Milana Adam\u010diaka je o hran\u00ed, o detsk\u00fdch hr\u00e1ch aj hr\u00e1ch \u017eivota.&#8221;<\/span><\/p>\n<p><span style=\"font-weight: 400;\">T\u00fdmto v\u00e1s srde\u010dne poz\u00fdvame na spolo\u010dn\u00e9 stretnutie, premietnutie filmu <\/span><b>Muzikol\u00f3g a tvorca<\/b><span style=\"font-weight: 400;\"> a kr\u00e1tku predn\u00e1\u0161ku s diskusiou.<\/span><\/p>\n<p><span style=\"font-weight: 400;\">Ve\u013emi sa na v\u00e1s v\u0161etk\u00fdch te\u0161\u00edme.<\/span><\/p>\n<p><span style=\"font-weight: 400;\">Kto ste poznali Milana Adam\u010diaka, ur\u010dite pr\u00eddte. Kto nie a ste zvedav\u00ed, chcete sa dozvedie\u0165 nie\u010do naozaj zauj\u00edmav\u00e9, a in\u0161piruj\u00face, pr\u00ed\u010fte tie\u017e.<\/span><\/p>\n<p>&nbsp;<\/p>\n<p><b>Milan Adam\u010diak<\/b><span style=\"font-weight: 400;\"> (*16. december 1946, Ru\u017eomberok \u2013 \u2020 16. janu\u00e1r 2017, \u017diar nad Hronom) bol slovensk\u00fd konceptu\u00e1lny umelec, autor vizu\u00e1lnej po\u00e9zie, hudobn\u00edk, skladate\u013e a muzikol\u00f3g. Absolvoval Konzervat\u00f3rium v \u017diline a n\u00e1sledne Filozofick\u00fa fakultu UK v Bratislave. Pracoval v Slovenskej akad\u00e9mii vied. Venoval sa vizu\u00e1lnej po\u00e9zii, grafick\u00fdm partit\u00faram, ak\u010dn\u00e9mu umeniu, performance, experiment\u00e1lnemu komponovaniu. Bol viceprezidentom Eur\u00f3pskeho kult\u00farneho klubu na Slovensku. Vystupoval na festivaloch a podujatiach v Nemecku, Rak\u00fasku, \u010cesku, Japonsku, jeho tvorba sa uv\u00e1dzala vo Viedni, Prahe, New Yorku a inde.<\/span><\/p>\n<p><b>Arnold Kojnok<\/b><span style=\"font-weight: 400;\"> je slovensk\u00fd re\u017eis\u00e9r a producent. Vy\u0161tudoval Fakultu v\u00fdtvarn\u00e9ho umenia Akad\u00e9mie umeni\u00ed v Banskej Bystrici a n\u00e1sledne Katedru dokument\u00e1rnej tvorby na V\u0160MU v Bratislave. Vo svojej tvorbe sa venuje spolo\u010densk\u00fdm a historick\u00fdm t\u00e9mam v \u0161ir\u0161om spolo\u010denskom kontexte. Okrem toho pracuje na seri\u00e1loch mapuj\u00facich postavy slovenskej v\u00fdtvarnej avantgardy zo 60. a 70. rokov.<\/span><\/p>\n<p>&nbsp;<\/p>\n<p><b>Muzikol\u00f3g a tvorca (2008)<\/b><\/p>\n<p><span style=\"font-weight: 400;\">N\u00e1met, scen\u00e1r, r\u00e9\u017eia: Arnold Kojnok<\/span><br \/>\n<span style=\"font-weight: 400;\">Kamera: Slavo Hutn\u00edk, Tom\u00e1\u0161 Benedikovi\u010d, Pavol Pal\u00e1rik, Peter Pal\u00e1rik, Arnold Kojnok<\/span><br \/>\n<span style=\"font-weight: 400;\">Zvuk: Martin Fa\u010dkovec<\/span><br \/>\n<span style=\"font-weight: 400;\">Hudba: Milan Adam\u010diak, Transmusic com.<\/span><br \/>\n<span style=\"font-weight: 400;\">Strih: Pavol Pal\u00e1rik<\/span><br \/>\n<span style=\"font-weight: 400;\">Produkcia: FTF V\u0160MU Bratislava \u2013 Andrea Biskupi\u010dov\u00e1<\/span><\/p>\n<p>&nbsp;<\/p>\n<p><span style=\"font-weight: 400;\">Dokument\u00e1rny film Muzikol\u00f3g a tvorca je obrazovo \u2013 akustick\u00e1 v\u00fdpove\u010f o \u017eivote a tvorbe Milana Adam\u010diaka (1947). Ob\u010dianskym povolan\u00edm muzikol\u00f3ga, ktor\u00fd patr\u00ed z v\u00fdtvarn\u00e9ho h\u013eadiska k popredn\u00fdm intermedi\u00e1lnym tvorcom. Film je ur\u010den\u00fd pre odborn\u00fa a \u0161ir\u0161iu verejnos\u0165. Milan v r. 2005 prijal ponuku od priate\u013ea z Bratislavy aby pres\u0165ahoval do jeho pr\u00e1zdneho domu v dedine Podhorie ne\u010faleko Banskej \u0160tiavnice. Vznilkla situ\u00e1cia, ke\u010f bolo mo\u017en\u00e9 v pokojnom prostred\u00ed, s odstupom rekapitulova\u0165 obdobia jeho tvorivej \u010dinnosti, ktor\u00e1 \u010dasto priamo s\u00favisela s osobn\u00fdm \u017eivotom. Po dramaturgickej str\u00e1nke je minulos\u0165 postaven\u00e1 do kontrastu so s\u00fa\u010dasnos\u0165ou. Ofici\u00e1lne prostredie gal\u00e9ri\u00ed a arch\u00edvne materi\u00e1ly z mesk\u00e9ho prostredia sa striedaj\u00fa s pokojnou \u010dinnos\u0165ou Milanovho p\u00f4sobenia na dedine.<\/span>","protected":false},"excerpt":{"rendered":"<p>sprievodn\u00fd podujatie JAMA \u2013 76. ro\u010dn\u00edk Milana Adam\u010diaka Program: Premietanie kr\u00e1tkeho filmu Muzikol\u00f3g a tvorca o M. Adam\u010diakovi nat\u00e1\u010dan\u00e9ho na Podhor\u00ed (r\u00e9\u017eia: Arnold Kojnok) Neform\u00e1lna predn\u00e1\u0161ka s diskusiou o \u017eivote a tvorbe M. Adam\u010diaka s hudobn\u00edkom a organiz\u00e1torom podujatia JAMA Ferom Kir\u00e1lyom &nbsp; Miesto a term\u00edn: sobota, 8. okt\u00f3ber 2022, 17:00 \u2013 18:30 Kult\u00farne stredisko [&#8230;]<\/p>\n<p><a class=\"btn btn-secondary understrap-read-more-link\" href=\"https:\/\/www.jama.ooo\/en\/podhorie-2022\/\">Read More&#8230;<span class=\"screen-reader-text\"> from Das Leben eines Menschen \u2013 pr\u00edbeh Milana Adam\u010diaka<\/span><\/a><\/p>\n","protected":false},"author":1,"featured_media":0,"parent":0,"menu_order":0,"comment_status":"closed","ping_status":"closed","template":"","meta":{"footnotes":""},"class_list":["post-1261","page","type-page","status-publish","hentry"],"_links":{"self":[{"href":"https:\/\/www.jama.ooo\/en\/wp-json\/wp\/v2\/pages\/1261","targetHints":{"allow":["GET"]}}],"collection":[{"href":"https:\/\/www.jama.ooo\/en\/wp-json\/wp\/v2\/pages"}],"about":[{"href":"https:\/\/www.jama.ooo\/en\/wp-json\/wp\/v2\/types\/page"}],"author":[{"embeddable":true,"href":"https:\/\/www.jama.ooo\/en\/wp-json\/wp\/v2\/users\/1"}],"replies":[{"embeddable":true,"href":"https:\/\/www.jama.ooo\/en\/wp-json\/wp\/v2\/comments?post=1261"}],"version-history":[{"count":18,"href":"https:\/\/www.jama.ooo\/en\/wp-json\/wp\/v2\/pages\/1261\/revisions"}],"predecessor-version":[{"id":1280,"href":"https:\/\/www.jama.ooo\/en\/wp-json\/wp\/v2\/pages\/1261\/revisions\/1280"}],"wp:attachment":[{"href":"https:\/\/www.jama.ooo\/en\/wp-json\/wp\/v2\/media?parent=1261"}],"curies":[{"name":"wp","href":"https:\/\/api.w.org\/{rel}","templated":true}]}}