

{"id":1327,"date":"2022-10-05T16:35:03","date_gmt":"2022-10-05T16:35:03","guid":{"rendered":"https:\/\/www.jama.ooo\/?page_id=1327"},"modified":"2023-09-13T22:17:06","modified_gmt":"2023-09-13T22:17:06","slug":"tlacova-sprava-2022","status":"publish","type":"page","link":"https:\/\/www.jama.ooo\/en\/tlacova-sprava-2022\/","title":{"rendered":"Tla\u010dov\u00e1 spr\u00e1va 2022"},"content":{"rendered":"<p class=\"qtranxs-available-languages-message qtranxs-available-languages-message-en\">Sorry, this entry is only available in <a href=\"https:\/\/www.jama.ooo\/sk\/wp-json\/wp\/v2\/pages\/1327\" class=\"qtranxs-available-language-link qtranxs-available-language-link-sk\" title=\"SK\">SK<\/a>.<\/p>","protected":false},"excerpt":{"rendered":"<p>Sorry, this entry is only available in SK. [&#8230;]<\/p>\n<p><a class=\"btn btn-secondary understrap-read-more-link\" href=\"https:\/\/www.jama.ooo\/en\/tlacova-sprava-2022\/\">Read More&#8230;<span class=\"screen-reader-text\"> from Tla\u010dov\u00e1 spr\u00e1va 2022<\/span><\/a><\/p>\n","protected":false},"author":2,"featured_media":0,"parent":0,"menu_order":0,"comment_status":"closed","ping_status":"closed","template":"","meta":{"footnotes":""},"class_list":["post-1327","page","type-page","status-publish","hentry"],"_links":{"self":[{"href":"https:\/\/www.jama.ooo\/en\/wp-json\/wp\/v2\/pages\/1327","targetHints":{"allow":["GET"]}}],"collection":[{"href":"https:\/\/www.jama.ooo\/en\/wp-json\/wp\/v2\/pages"}],"about":[{"href":"https:\/\/www.jama.ooo\/en\/wp-json\/wp\/v2\/types\/page"}],"author":[{"embeddable":true,"href":"https:\/\/www.jama.ooo\/en\/wp-json\/wp\/v2\/users\/2"}],"replies":[{"embeddable":true,"href":"https:\/\/www.jama.ooo\/en\/wp-json\/wp\/v2\/comments?post=1327"}],"version-history":[{"count":0,"href":"https:\/\/www.jama.ooo\/en\/wp-json\/wp\/v2\/pages\/1327\/revisions"}],"wp:attachment":[{"href":"https:\/\/www.jama.ooo\/en\/wp-json\/wp\/v2\/media?parent=1327"}],"curies":[{"name":"wp","href":"https:\/\/api.w.org\/{rel}","templated":true}]}}