

{"id":2225,"date":"2024-10-07T17:07:58","date_gmt":"2024-10-07T17:07:58","guid":{"rendered":"https:\/\/www.jama.ooo\/?page_id=2225"},"modified":"2024-10-09T20:08:04","modified_gmt":"2024-10-09T20:08:04","slug":"manual-78","status":"publish","type":"page","link":"https:\/\/www.jama.ooo\/en\/manual-78\/","title":{"rendered":"User Manual 78"},"content":{"rendered":"<div class=\"gca-column one-half first\"><p><span style=\"text-decoration: underline;\"><strong>MEETING PLACES AND REGISTRATION:<\/strong><\/span><\/p>\n<p>Upon arrival at JAMA, please register at the available locations.<\/p>\n<p>The JAMA program takes place partly at easily accessible locations and partly off the beaten path, with not all movements publicly disclosed in the program in advance. <strong>Those of you who cannot be with us from the beginning can join us at the following coordinates:<\/strong><\/p>\n<p>&nbsp;<\/p>\n<p><strong>FRIDAY, October 11<\/strong><br \/>\n<strong>17:30 \u2013 19:30<\/strong> at Parter BSC (visitor registration)<br \/>\n<strong>19:30 \u2013 19:45<\/strong> at the Evangelical Church (visitor registration)<br \/>\nAccess to the church will not be possible during the EnsembleSpectrum concert.<br \/>\n<strong>From 21:45<\/strong> at Art Caf\u00e9<\/p>\n<p>&nbsp;<\/p>\n<p><strong>SATURDAY, October 12<\/strong><br \/>\n<strong>08:30 \u2013 08:45<\/strong> and 1<strong>0:00 \u2013 10:45<\/strong> at Samuel Mikov\u00edni Unified School, Botanical Garden (visitor registration)<br \/>\nAccess to the school will not be possible during the Catherine Lamb concert (8:45 AM \u2013 9:30 AM).<br \/>\n<strong>11:45 \u2013 13:45<\/strong> at H\u00e1jov\u0148a KTC (registration for latecomers)<br \/>\n<strong>18:45 \u2013 20:45<\/strong> at Vilabela<br \/>\nAfter <strong>21:00<\/strong> at Kr\u010dma u Mi\u0161a<\/p>\n<p>&nbsp;<\/p>\n<p><strong>SUNDAY, October 13<\/strong><br \/>\n<strong>10:00 \u2013 14:00<\/strong> at Parter BSC<\/p>\n<p>&nbsp;<\/p>\n<p><strong>In the meantime, we will be on the move. <\/strong><\/p>\n<p>&nbsp;<\/p>\n<p><strong><span style=\"text-decoration: underline;\">***IF YOU CAN&#8217;T FIND US, CALL:***<\/span><br \/>\n<\/strong><strong> 0949 723 561<\/strong><\/p>\n<p>&nbsp;<\/p>\n<p><strong>As every year, it\u2019s best if you join us from the beginning (Friday from 17:30) and continue with the group.<\/strong> It\u2019s like a nice skiing trip, only better.<\/p>\n<p>&nbsp;<\/p>\n<p><span style=\"text-decoration: underline;\"><strong>PLEASE FAMILIARIZE YOURSELF WITH PROGRAM 78:<\/strong><\/span><br \/>\n<a href=\"http:\/\/www.jama.ooo\/#program\" target=\"_new\" rel=\"noopener\">www.jama.ooo\/#program<\/a><\/p>\n<p>&nbsp;<\/p>\n<p><span style=\"text-decoration: underline;\"><strong>PARKING:<\/strong><\/span><\/p>\n<p>We recommend arriving without a car or leaving your car at your accommodation.<br \/>\nParking is not allowed at most JAMA 78 locations; some are completely inaccessible by car. In Bansk\u00e1 \u0160tiavnica, parking is only available at designated parking lots and is paid. Street parking (except for residents) is not allowed.<\/p>\n<p><strong>Parter BSC:<\/strong> No parking on-site. Park at nearby designated parking lots on <a href=\"https:\/\/maps.app.goo.gl\/V5YwhPSvJX7NTQMm9\">Akademick\u00e1<\/a> or <a href=\"https:\/\/maps.app.goo.gl\/3DTMsQkPh6tkToRF7\">Pri starom ihrisku<\/a> on Ml\u00e1de\u017en\u00edcka.<\/p>\n<p><strong>Evangelical Church:<\/strong> No parking on-site. The nearest parking is at <a href=\"https:\/\/maps.app.goo.gl\/rpETfiMwB28ARVxu9\">Nov\u00fd z\u00e1mok<\/a>.<\/p>\n<p><strong>Art Caf\u00e9:<\/strong> No parking on-site. The nearest parking is at <a href=\"https:\/\/maps.app.goo.gl\/V5YwhPSvJX7NTQMm9v\">Akademick\u00e1<\/a>.<\/p>\n<p><strong>Samuel Mikov\u00edni Unified School:<\/strong> No parking on-site. Park on Akademick\u00e1.<\/p>\n<p><strong>H\u00e1jov\u0148a KTC:<\/strong> Limited on-site parking capacity.<\/p>\n<p><strong>Vilabela:<\/strong> Limited on-site parking capacity.<\/p>\n<p><strong>Mi\u0161o&#8217;s Pub:<\/strong> We recommend not driving, wink wink.<\/p><\/div>\n<div class=\"gca-column one-half\"><figure><img loading=\"lazy\" decoding=\"async\" class=\"wp-image-2018 size-full\" src=\"https:\/\/www.jama.ooo\/wp-content\/uploads\/2024\/02\/129_JAMA76_Copyright-Marek-Jancuch_October-15-2022_fullsize.jpg\" alt=\"\" width=\"2000\" height=\"1333\" srcset=\"https:\/\/www.jama.ooo\/wp-content\/uploads\/2024\/02\/129_JAMA76_Copyright-Marek-Jancuch_October-15-2022_fullsize.jpg 2000w, https:\/\/www.jama.ooo\/wp-content\/uploads\/2024\/02\/129_JAMA76_Copyright-Marek-Jancuch_October-15-2022_fullsize-300x200.jpg 300w, https:\/\/www.jama.ooo\/wp-content\/uploads\/2024\/02\/129_JAMA76_Copyright-Marek-Jancuch_October-15-2022_fullsize-768x512.jpg 768w, https:\/\/www.jama.ooo\/wp-content\/uploads\/2024\/02\/129_JAMA76_Copyright-Marek-Jancuch_October-15-2022_fullsize-1536x1024.jpg 1536w\" sizes=\"auto, (max-width: 2000px) 100vw, 2000px\" \/><figcaption class=\"wp-caption-text\">Foto: Marek Jan\u010d\u00fach<\/figcaption><\/figure>\n<p>&nbsp;<\/p>\n<p><span style=\"text-decoration: underline;\"><strong>FOOD AND REFRESHMENTS:<\/strong><\/span><\/p>\n<p><strong>FRIDAY:<\/strong><br \/>\nWelcome drink at Parter, bar at Art Caf\u00e9<\/p>\n<p><strong>SATURDAY:<\/strong><br \/>\nMorning coffee and snacks at Unified School, bar, coffee, and light snacks at H\u00e1jov\u0148a, communal dinner and drinks at Vilabela, bar at Kr\u010dma u Mi\u0161a.<\/p>\n<p><strong>SUNDAY:<\/strong><br \/>\nAuthor&#8217;s breakfast snacks at the vernissage in Parter BSC.<\/p>\n<p>&nbsp;<\/p>\n<p><span style=\"text-decoration: underline;\"><strong>PLEASE PACK:<\/strong><\/span><\/p>\n<p><strong>ESSENTIALS:<\/strong> Raincoats, waterproof hiking shoes, comfortable warm clothing, drinking water, and if you are big eaters \u2013 food. A large part of the program takes place outdoors and as part of excursions in all weather, except for extreme conditions.<\/p>\n<p><strong>RECOMMENDED:<\/strong> Swimsuits and towels (for the summer festival part), headlamps, knives, and bags for mushrooms, jingle bells, and other noise-makers \u2013 they might get used in the program!<\/p>\n<p>&nbsp;<\/p>\n<p><span style=\"text-decoration: underline;\"><strong>GOOD TO KNOW:<\/strong><\/span><\/p>\n<p>Taking part in JAMA 78 is at your own risk. By participating in the event, you acknowledge this fact.<br \/>\nTransfers between programs will occur on foot this year, in all weather except in extreme conditions.<br \/>\nThe program runs all day on Saturday from morning until evening.<br \/>\nIn case of adverse forecasts, we will announce an alternative plan in advance.<br \/>\nDogs are not allowed at the following locations:<\/p>\n<p>&#8211; Evangelical Church<br \/>\n&#8211; Spojen\u00e1 \u0161kola Samuela Mikov\u00edniho<\/p>\n<p>&nbsp;<\/p>\n<p><span style=\"text-decoration: underline;\"><strong>TAXI:<\/strong><\/span><\/p>\n<p><strong>+ approximate prices from Bansk\u00e1 Bel\u00e1 to Trinity Square in Bansk\u00e1 \u0160tiavnica<\/strong><\/p>\n<p><strong>Kia Ceed Taxi:<\/strong> 0914 122 246, 0918 419 230 (6 euros)<\/p>\n<p><strong>Top Taxi:<\/strong> 0950 303 630 (8\/9 euros)<\/p>\n<p><strong>Fero Taxi:<\/strong> 0905 949 671 (8\/9 euros)<\/p>\n<p><strong>Joma:<\/strong> 0910 180 380 (9 euros)<\/p>\n<p><strong>BeriI:<\/strong> 0902 345 673, 0915 613 888 (10.5 euros)<\/p>\n<p><strong>F-Taxi:<\/strong> 0915 525 999 (10 euros)<\/p>\n<p>&nbsp;<\/p>\n<p><strong>If you get lost, oversleep, or forget to come, remember, JAMA 78 is entirely up to you!<\/strong><\/p><\/div>","protected":false},"excerpt":{"rendered":"<p> [&#8230;]<\/p>\n<p><a class=\"btn btn-secondary understrap-read-more-link\" href=\"https:\/\/www.jama.ooo\/en\/manual-78\/\">Read More&#8230;<span class=\"screen-reader-text\"> from User Manual 78<\/span><\/a><\/p>\n","protected":false},"author":2,"featured_media":0,"parent":0,"menu_order":0,"comment_status":"closed","ping_status":"closed","template":"","meta":{"footnotes":""},"class_list":["post-2225","page","type-page","status-publish","hentry"],"_links":{"self":[{"href":"https:\/\/www.jama.ooo\/en\/wp-json\/wp\/v2\/pages\/2225","targetHints":{"allow":["GET"]}}],"collection":[{"href":"https:\/\/www.jama.ooo\/en\/wp-json\/wp\/v2\/pages"}],"about":[{"href":"https:\/\/www.jama.ooo\/en\/wp-json\/wp\/v2\/types\/page"}],"author":[{"embeddable":true,"href":"https:\/\/www.jama.ooo\/en\/wp-json\/wp\/v2\/users\/2"}],"replies":[{"embeddable":true,"href":"https:\/\/www.jama.ooo\/en\/wp-json\/wp\/v2\/comments?post=2225"}],"version-history":[{"count":7,"href":"https:\/\/www.jama.ooo\/en\/wp-json\/wp\/v2\/pages\/2225\/revisions"}],"predecessor-version":[{"id":2256,"href":"https:\/\/www.jama.ooo\/en\/wp-json\/wp\/v2\/pages\/2225\/revisions\/2256"}],"wp:attachment":[{"href":"https:\/\/www.jama.ooo\/en\/wp-json\/wp\/v2\/media?parent=2225"}],"curies":[{"name":"wp","href":"https:\/\/api.w.org\/{rel}","templated":true}]}}