

{"id":2454,"date":"2025-10-02T20:13:09","date_gmt":"2025-10-02T20:13:09","guid":{"rendered":"https:\/\/www.jama.ooo\/?page_id=2454"},"modified":"2025-10-14T18:40:43","modified_gmt":"2025-10-14T18:40:43","slug":"program79","status":"publish","type":"page","link":"https:\/\/www.jama.ooo\/en\/program79\/","title":{"rendered":"Programme 79"},"content":{"rendered":"<div class=\"entry-content\">\n<p>Times are approximate, program subject to change.<br \/>\n<a href=\"https:\/\/www.jama.ooo\/en\/kontext-79\/\">Context.<\/a><\/p>\n<p>&nbsp;<\/p>\n<p><b>17. Oct 2025<\/b><\/p>\n<p><span style=\"text-decoration: underline;\">6:00 PM \/\/ Parking lot at Du\u017eina Shopping Center, Lidl, Bansk\u00e1 \u0160tiavnica<\/span><br \/>\n<b>Milan Adam\u010diak: ParkingSong<br \/>\n<\/b>Slovak premi\u00e9re of graphic score performance<br \/>\n(Fero Kir\u00e1ly, Marek Kundl\u00e1k, Richard Hronsk\u00fd, Alexander Platzner, Mat\u00fa\u0161 Wiedermann, Lucia G. Stach)<\/p>\n<p>+<\/p>\n<p><b>Fero Kir\u00e1ly a kol.: \u0160tiavnica Music Slices<br \/>\n<\/b>Action<\/p>\n<p><span style=\"text-decoration: underline;\">8:00 PM \/\/ Art Cafe<\/span><br \/>\n<b>Eva Voz\u00e1rov\u00e1: Screaming Air: Musing a on New Summer in Bratislava<\/b><br \/>\nPerformative essay<\/p>\n<p><span style=\"text-decoration: underline;\">9:00 PM \/\/ Art Cafe<\/span><br \/>\n<b>Kr\u00e1jania\u00a0<br \/>\n<\/b>Suite<\/p>\n<p>&nbsp;<\/p>\n<p><b>18. Oct 2025<\/b><\/p>\n<p><span style=\"text-decoration: underline;\">10:30 AM \/\/ Eleuz\u00edna<\/span><\/p>\n<p><b>J\u00c4M\u00c4<br \/>\n<\/b>Breakfast<\/p>\n<p><span style=\"text-decoration: underline;\">11:00 AM \/\/ Eleuz\u00edna<\/span><br \/>\n<b>J\u00falia Stahl Novosedl\u00edkov\u00e1: solo piano koncert<br \/>\n<\/b>Slovak Composers in Slovak Cities vol. 2<br \/>\n<a href=\"https:\/\/www.facebook.com\/events\/581874971613753\">More info<\/a><\/p>\n<p><span style=\"text-decoration: underline;\">12:00 PM \u2013 5:00 PM \/\/ Eleuz\u00edna \u2013 Ve\u013eka vod\u00e1renska lake \u2013 H\u00e1jov\u0148a cultural center \u2013 Bansk\u00e1 Bel\u00e1\u00a0<\/span><br \/>\n<b>Unintentional Wandering with M.A<br \/>\n<\/b>within it:<\/p>\n<p><b>Alexandra Mirekov\u00e1 and Kaltbluetler<br \/>\n<\/b>Dance \/ music<\/p>\n<p><b>Celest\u00edna Minichov\u00e1 and Richard Hronsk\u00fd<br \/>\n<\/b>Sonic-poetic performance<\/p>\n<p><b>Petr N\u011bmec<\/b><b><br \/>\n<\/b>Concert<\/p>\n<p><b>Goulash (vege)<\/b><\/p>\n<p><b>A Walk<\/b><\/p>\n<p>&nbsp;<\/p>\n<p><span style=\"text-decoration: underline;\">19:00 \/\/ Mi\u0161o&#8217;s Pub, Bansk\u00e1 Bel\u00e1<\/span><\/p>\n<p><b>Jukebox party<\/b><\/p>\n<\/div>","protected":false},"excerpt":{"rendered":"<p>Times are approximate, program subject to change. Context. &nbsp; 17. Oct 2025 6:00 PM \/\/ Parking lot at Du\u017eina Shopping Center, Lidl, Bansk\u00e1 \u0160tiavnica Milan Adam\u010diak: ParkingSong Slovak premi\u00e9re of graphic score performance (Fero Kir\u00e1ly, Marek Kundl\u00e1k, Richard Hronsk\u00fd, Alexander Platzner, Mat\u00fa\u0161 Wiedermann, Lucia G. Stach) + Fero Kir\u00e1ly a kol.: \u0160tiavnica Music Slices Action [&#8230;]<\/p>\n<p><a class=\"btn btn-secondary understrap-read-more-link\" href=\"https:\/\/www.jama.ooo\/en\/program79\/\">Read More&#8230;<span class=\"screen-reader-text\"> from Programme 79<\/span><\/a><\/p>\n","protected":false},"author":2,"featured_media":0,"parent":0,"menu_order":0,"comment_status":"closed","ping_status":"closed","template":"","meta":{"footnotes":""},"class_list":["post-2454","page","type-page","status-publish","hentry"],"_links":{"self":[{"href":"https:\/\/www.jama.ooo\/en\/wp-json\/wp\/v2\/pages\/2454","targetHints":{"allow":["GET"]}}],"collection":[{"href":"https:\/\/www.jama.ooo\/en\/wp-json\/wp\/v2\/pages"}],"about":[{"href":"https:\/\/www.jama.ooo\/en\/wp-json\/wp\/v2\/types\/page"}],"author":[{"embeddable":true,"href":"https:\/\/www.jama.ooo\/en\/wp-json\/wp\/v2\/users\/2"}],"replies":[{"embeddable":true,"href":"https:\/\/www.jama.ooo\/en\/wp-json\/wp\/v2\/comments?post=2454"}],"version-history":[{"count":14,"href":"https:\/\/www.jama.ooo\/en\/wp-json\/wp\/v2\/pages\/2454\/revisions"}],"predecessor-version":[{"id":2499,"href":"https:\/\/www.jama.ooo\/en\/wp-json\/wp\/v2\/pages\/2454\/revisions\/2499"}],"wp:attachment":[{"href":"https:\/\/www.jama.ooo\/en\/wp-json\/wp\/v2\/media?parent=2454"}],"curies":[{"name":"wp","href":"https:\/\/api.w.org\/{rel}","templated":true}]}}