

{"id":850,"date":"2020-11-30T19:02:18","date_gmt":"2020-11-30T19:02:18","guid":{"rendered":"http:\/\/www.jama.ooo\/?page_id=850"},"modified":"2022-08-01T04:37:49","modified_gmt":"2022-08-01T04:37:49","slug":"video-jama-2020","status":"publish","type":"page","link":"https:\/\/www.jama.ooo\/en\/video-jama-2020\/","title":{"rendered":"Video \u2013 JAMA 2020"},"content":{"rendered":"&nbsp;<\/p>\n<p><strong>Friday 23 October 2020: Sv\u00e4topluk Mikyta \u2013 Fungi Cyani<\/strong><\/p>\n<p><strong>(<a href=\"http:\/\/www.jama.ooo\/#program\">program<\/a>)<\/strong><\/p>\n<p><iframe loading=\"lazy\" style=\"border: none; overflow: hidden;\" src=\"https:\/\/www.facebook.com\/plugins\/video.php?height=314&amp;href=https%3A%2F%2Fwww.facebook.com%2Fjama.ooo%2Fvideos%2F994842847647056%2F&amp;show_text=false&amp;width=560\" width=\"560\" height=\"314\" frameborder=\"0\" scrolling=\"no\" allowfullscreen=\"allowfullscreen\"><\/iframe><\/p>\n<p>&nbsp;<\/p>\n<p><strong>Friday 23 October 2020: Opening of JAMA &#8211; 74th year of Milan Adam\u010diak + Symphony<\/strong><\/p>\n<p><em>Bansk\u00e1 St a nica \u2013 Sovereign&#8217;s Palace <\/em>\/\/ <em>So\u0148a K\u00fade\u013eov\u00e1 \u2013 Sounds of silence (3x movement) <\/em>\/\/ <em>Ivan \u0160iller: John Cage, Tom\u00e1\u0161 Boro\u0161 \u2013 Suite for Toy Piano <\/em>\/\/ <em>Marek Kundl\u00e1k &amp; several of the six: Liza Gennart \u2013 Jam results <\/em>\/\/ <em>Hauke Harder &amp; Fero <\/em><em>Kir\u00e1ly &amp; Eva Voz\u00e1rov\u00e1: Alvin Lucier \u2013 I Am Sitting In A Room<\/em><b><em><br \/>\n<\/em><\/b><strong>(<a href=\"http:\/\/www.jama.ooo\/#program\">program<\/a>)<\/strong><\/p>\n<p><iframe loading=\"lazy\" style=\"border: none; overflow: hidden;\" src=\"https:\/\/www.facebook.com\/plugins\/video.php?height=314&amp;href=https%3A%2F%2Fwww.facebook.com%2Fjama.ooo%2Fvideos%2F3764913000205885%2F&amp;show_text=false&amp;width=560\" width=\"560\" height=\"314\" frameborder=\"0\" scrolling=\"no\" allowfullscreen=\"allowfullscreen\"><\/iframe><\/p>\n<p>&nbsp;<\/p>\n<p><strong>Saturday 24 October 2020: Symposium<\/strong><\/p>\n<p><em>4 x 20 minute talks about contemporary art, Milan Adam\u010diak and topics close to JAMA + discussion. Guests: Martin Pia\u010dek, J\u00fcrgen Rendl, Hauke Harder, Daniel Gr\u00fa\u0148, Fero Kir\u00e1ly. Hosted by: Lucia G. Stach<\/em><\/p>\n<p><strong>(<a href=\"http:\/\/www.jama.ooo\/#program\">program<\/a>)<br \/>\n<\/strong><\/p>\n<p><iframe loading=\"lazy\" style=\"border: none; overflow: hidden;\" src=\"https:\/\/www.facebook.com\/plugins\/video.php?height=314&amp;href=https%3A%2F%2Fwww.facebook.com%2Fjama.ooo%2Fvideos%2F395485611481955%2F&amp;show_text=false&amp;width=560\" width=\"560\" height=\"314\" frameborder=\"0\" scrolling=\"no\" allowfullscreen=\"allowfullscreen\"><\/iframe><\/p>\n<p>&nbsp;<\/p>\n<p><strong>Saturday 24 October 2020: Unintentional wandering with M.A.<\/strong><\/p>\n<p><em>Marek Kundl\u00e1k: J\u00fcrgen Rendl \u2013 Travel notes from the east of the region \/\/ Robo Kol\u00e1\u0159: Unquestioned Answers (selection of graphic scores by Milan Adam\u010diak)<\/em><\/p>\n<p><em><br \/>\n<strong>(<a href=\"http:\/\/www.jama.ooo\/#program\">program<\/a>)<\/strong><br \/>\n<\/em><\/p>\n<p><iframe loading=\"lazy\" style=\"border: none; overflow: hidden;\" src=\"https:\/\/www.facebook.com\/plugins\/video.php?height=314&amp;href=https%3A%2F%2Fwww.facebook.com%2Fjama.ooo%2Fvideos%2F403770673978750%2F&amp;show_text=false&amp;width=560\" width=\"560\" height=\"314\" frameborder=\"0\" scrolling=\"no\" allowfullscreen=\"allowfullscreen\"><\/iframe>","protected":false},"excerpt":{"rendered":"<p>&nbsp; Friday 23 October 2020: Sv\u00e4topluk Mikyta \u2013 Fungi Cyani (program) &nbsp; Friday 23 October 2020: Opening of JAMA &#8211; 74th year of Milan Adam\u010diak + Symphony Bansk\u00e1 St a nica \u2013 Sovereign&#8217;s Palace \/\/ So\u0148a K\u00fade\u013eov\u00e1 \u2013 Sounds of silence (3x movement) \/\/ Ivan \u0160iller: John Cage, Tom\u00e1\u0161 Boro\u0161 \u2013 Suite for Toy Piano [&#8230;]<\/p>\n<p><a class=\"btn btn-secondary understrap-read-more-link\" href=\"https:\/\/www.jama.ooo\/en\/video-jama-2020\/\">Read More&#8230;<span class=\"screen-reader-text\"> from Video \u2013 JAMA 2020<\/span><\/a><\/p>\n","protected":false},"author":2,"featured_media":0,"parent":0,"menu_order":0,"comment_status":"closed","ping_status":"closed","template":"","meta":{"footnotes":""},"class_list":["post-850","page","type-page","status-publish","hentry"],"_links":{"self":[{"href":"https:\/\/www.jama.ooo\/en\/wp-json\/wp\/v2\/pages\/850","targetHints":{"allow":["GET"]}}],"collection":[{"href":"https:\/\/www.jama.ooo\/en\/wp-json\/wp\/v2\/pages"}],"about":[{"href":"https:\/\/www.jama.ooo\/en\/wp-json\/wp\/v2\/types\/page"}],"author":[{"embeddable":true,"href":"https:\/\/www.jama.ooo\/en\/wp-json\/wp\/v2\/users\/2"}],"replies":[{"embeddable":true,"href":"https:\/\/www.jama.ooo\/en\/wp-json\/wp\/v2\/comments?post=850"}],"version-history":[{"count":4,"href":"https:\/\/www.jama.ooo\/en\/wp-json\/wp\/v2\/pages\/850\/revisions"}],"predecessor-version":[{"id":1057,"href":"https:\/\/www.jama.ooo\/en\/wp-json\/wp\/v2\/pages\/850\/revisions\/1057"}],"wp:attachment":[{"href":"https:\/\/www.jama.ooo\/en\/wp-json\/wp\/v2\/media?parent=850"}],"curies":[{"name":"wp","href":"https:\/\/api.w.org\/{rel}","templated":true}]}}